{"id":318,"date":"2025-02-18T12:07:58","date_gmt":"2025-02-18T11:07:58","guid":{"rendered":"https:\/\/141931-v1.webtonia.cloud\/?post_type=product&#038;p=318"},"modified":"2025-02-18T12:48:00","modified_gmt":"2025-02-18T11:48:00","slug":"terasaki-platten","status":"publish","type":"product","link":"https:\/\/www.dunnlab.de\/en\/product\/terasaki-platten\/","title":{"rendered":"Terasaki Platten"},"content":{"rendered":"<ul class=\"defaultList\">\n<li>60-Well und 72-Well Terasaki Platten<\/li>\n<li><span class=\"\">Niedrigprofilplatten mit einer H\u00f6he von 7,5 mm<\/span><\/li>\n<li>M\u00f6gliche Anwendungen sind HLA, Zytotoxit\u00e4tsversuche und andere Mikrotest-Assays<\/li>\n<li>Sterile Platten k\u00f6nnen in der Zellkultur eingesetzt werden<\/li>\n<li>Aus hochwertigem, medizinischem Polystyrol<\/li>\n<li>Oberfl\u00e4che aller Platten ist feuchtigkeitsbehandelt<\/li>\n<li>Passen in Standardhalterungen und k\u00f6nnen mit manuellen und automatischen Mehrfachspritzendispensern verwendet werden<\/li>\n<li>Ca. 10 \u00b5l Volumen pro Well<\/li>\n<li>Der komplette Wellboden ist bei einer 100X Vergr\u00f6\u00dferung immer sichtbar<\/li>\n<li>Durch gro\u00dfe Ebenheit der Platten keine Neufokussierung nach jedem Well n\u00f6tig.<\/li>\n<li>Platten sind steril<\/li>\n<li>Jede Platte ist einzeln mit Deckel verpackt, der zur einfachen Orientierung zwei \u00dcberh\u00e4nge an gegen\u00fcberliegenden Enden hat<\/li>\n<\/ul>\n<p>&nbsp;<\/p>\n<p><a id=\"Terasaki Platten\"><\/a><strong><a href=\"https:\/\/www.dunnlab.de\/wp-content\/uploads\/Labquip_Terasaki_Plates_Flyer_EN.pdf\" target=\"_blank\" rel=\"noopener\">weitere Informationen zu Terasaki Platten<\/a>\u00a0(PDF)<\/strong><\/p>\n","protected":false},"excerpt":{"rendered":"<p>60-Well und 72-Well Terasaki Platten Niedrigprofilplatten mit einer H\u00f6he von 7,5 mm M\u00f6gliche Anwendungen sind HLA, Zytotoxit\u00e4tsversuche und andere Mikrotest-Assays Sterile Platten k\u00f6nnen in der Zellkultur eingesetzt werden Aus hochwertigem, medizinischem Polystyrol Oberfl\u00e4che aller Platten ist feuchtigkeitsbehandelt Passen in Standardhalterungen und k\u00f6nnen mit manuellen und automatischen Mehrfachspritzendispensern verwendet werden Ca. 10 \u00b5l Volumen pro Well [&hellip;]<\/p>\n","protected":false},"featured_media":319,"comment_status":"closed","ping_status":"closed","template":"","meta":{"_acf_changed":false},"product_brand":[],"product_cat":[119],"product_tag":[],"class_list":{"0":"post-318","1":"product","2":"type-product","3":"status-publish","4":"has-post-thumbnail","6":"product_cat-unkategorisiert","8":"first","9":"instock","10":"shipping-taxable","11":"product-type-simple"},"acf":[],"_links":{"self":[{"href":"https:\/\/www.dunnlab.de\/en\/wp-json\/wp\/v2\/product\/318","targetHints":{"allow":["GET"]}}],"collection":[{"href":"https:\/\/www.dunnlab.de\/en\/wp-json\/wp\/v2\/product"}],"about":[{"href":"https:\/\/www.dunnlab.de\/en\/wp-json\/wp\/v2\/types\/product"}],"replies":[{"embeddable":true,"href":"https:\/\/www.dunnlab.de\/en\/wp-json\/wp\/v2\/comments?post=318"}],"wp:featuredmedia":[{"embeddable":true,"href":"https:\/\/www.dunnlab.de\/en\/wp-json\/wp\/v2\/media\/319"}],"wp:attachment":[{"href":"https:\/\/www.dunnlab.de\/en\/wp-json\/wp\/v2\/media?parent=318"}],"wp:term":[{"taxonomy":"product_brand","embeddable":true,"href":"https:\/\/www.dunnlab.de\/en\/wp-json\/wp\/v2\/product_brand?post=318"},{"taxonomy":"product_cat","embeddable":true,"href":"https:\/\/www.dunnlab.de\/en\/wp-json\/wp\/v2\/product_cat?post=318"},{"taxonomy":"product_tag","embeddable":true,"href":"https:\/\/www.dunnlab.de\/en\/wp-json\/wp\/v2\/product_tag?post=318"}],"curies":[{"name":"wp","href":"https:\/\/api.w.org\/{rel}","templated":true}]}}